{"id":314,"date":"2024-02-06T15:28:14","date_gmt":"2024-02-06T15:28:14","guid":{"rendered":"http:\/\/www.centreequilibrat.cat\/politica-de-cookies\/"},"modified":"2024-02-06T21:02:09","modified_gmt":"2024-02-06T21:02:09","slug":"politica-de-cookies","status":"publish","type":"page","link":"https:\/\/www.centreequilibrat.cat\/es\/politica-de-cookies\/","title":{"rendered":"Pol\u00edtica de cookies"},"content":{"rendered":"\t\t<div data-elementor-type=\"wp-page\" data-elementor-id=\"314\" class=\"elementor elementor-314 elementor-58\" data-elementor-post-type=\"page\">\n\t\t\t\t<div class=\"elementor-element elementor-element-56811d0a e-flex e-con-boxed e-con e-parent\" data-id=\"56811d0a\" data-element_type=\"container\" data-e-type=\"container\">\n\t\t\t\t\t<div class=\"e-con-inner\">\n\t\t\t\t<div class=\"elementor-element elementor-element-6c5e471b elementor-widget elementor-widget-text-editor\" data-id=\"6c5e471b\" data-element_type=\"widget\" data-e-type=\"widget\" data-widget_type=\"text-editor.default\">\n\t\t\t\t<div class=\"elementor-widget-container\">\n\t\t\t\t\t\t\t\t\t\n<h1 class=\"wp-block-heading\">Apartado 1<\/h1>\n\n\n\n<p><strong>Pol\u00edtica de cookies<\/strong><\/p>\n\n\n\n<p>Una cookie es un archivo peque\u00f1o que se almacena en su navegador cuando visita la mayor\u00eda de p\u00e1ginas web. Su utilidad es que la web sea capaz de recordar su visita cuando vuelva a navegar por esa p\u00e1gina. Las&nbsp;<em>cookies<\/em>&nbsp; suelen almacenar informaci\u00f3n de car\u00e1cter t\u00e9cnico, preferencias personales, personalizaci\u00f3n de contenidos, estad\u00edsticas de uso, enlaces a redes sociales, acceso a cuentas de usuario, etc. El objetivo de la cookie es adaptar el contenido de la web a su perfil o necesidades, sin&nbsp;<em>cookies<\/em>&nbsp; los servicios ofrecidos por cualquier p\u00e1gina se ver\u00edan mermados notablemente. Si desea consultar m\u00e1s informaci\u00f3n sobre qu\u00e9 son las&nbsp;<em>cookies<\/em> , qu\u00e9 almacenan, c\u00f3mo eliminarlas, desactivarlas, etc.&nbsp; <strong>puede dirigirse al Apartado 2<\/strong><\/p>\n\n\n\n<p><strong>Cookies utilizadas con este sitio web<\/strong><\/p>\n\n\n\n<p>Siguiendo las directrices de la Agencia Espa\u00f1ola de Protecci\u00f3n de Datos procedemos a detallar el uso de&nbsp; <em>cookies<\/em>&nbsp; que hace esta web con el fin de informarte con la mayor exactitud posible.<\/p>\n\n\n\n<p>Este sitio web utiliza las siguientes&nbsp; <strong>cookies propias<\/strong> :<\/p>\n\n\n\n<p><em>Cookies<\/em>&nbsp; de sesi\u00f3n, para garantizar que los&nbsp; usuarios que escriban&nbsp; comentarios en el blog sean humanos y&nbsp; no aplicaciones automatizadas. De esta manera se combate el <em>spam<\/em> .<br>&nbsp;<\/p>\n\n\n\n<figure class=\"wp-block-table\"><table><tbody><tr><td>Nombre de la cookie<\/td> <td>Tipo de cookie<\/td> <td>Prop\u00f3sito de la cookie<\/td><\/tr><tr><td>PHPSESSID<\/td> <td>Sesi\u00f3n<\/td><td>\u00c9sta&nbsp; cookie se utiliza para el lenguaje de cifrado&nbsp; PHP para permitir que las variables de SESI\u00d3N se guarden en el servidor web. \u00c9sta&nbsp; cookie es esencial para el funcionamiento de la web.<\/td><\/tr><tr><td>_utma, _utmb,<\/td><br> <td>_ubmc,_utmz<\/td> <td>Duradera<\/td><td>\u00c9stas&nbsp; cookies son establecidas por Google Analytic para rastrear el uso de la web. \u00c9stas&nbsp; cookies no se establecen si desconectas&nbsp; cookies por esta web.<\/td><\/tr><\/tbody><\/table><\/figure>\n\n\n\n<p>Este sitio&nbsp; web utiliza las siguientes&nbsp; <strong>cookies de terceros<\/strong> :<\/p>\n\n\n\n<p>Google Analytics: Almacena&nbsp;<em>cookies<\/em>&nbsp; para poder elaborar estad\u00edsticas sobre el tr\u00e1fico&nbsp; y&nbsp; volumen de visitas de esta web. Al utilizar&nbsp; este sitio&nbsp; web est\u00e1&nbsp; consintiendo el tratamiento de informaci\u00f3n sobre usted por&nbsp; Google. En consecuencia, el ejercicio de cualquier derecho&nbsp; en este&nbsp; sentido&nbsp; tendr\u00e1 que hacerlo&nbsp; comunicando directamente&nbsp; con&nbsp; Google.<\/p>\n\n\n\n<p>Red&nbsp; sociales: Cada red&nbsp; social utiliza sus propias&nbsp; <em>cookies<\/em>&nbsp; para que usted pueda pulsar los botones del tipo&nbsp; <em>Me gusta<\/em>&nbsp; o&nbsp; <em>Compartir<\/em> .<\/p>\n\n\n\n<ul>\n<li>Facebook<\/li>\n<\/ul>\n\n\n\n<p><strong>Desactivaci\u00f3n o eliminaci\u00f3n de cookies<\/strong><\/p>\n\n\n\n<p>En cualquier&nbsp; momento podr\u00e1 ejercer su derecho de&nbsp; desactivaci\u00f3n o eliminaci\u00f3n de&nbsp;<em>cookies<\/em>&nbsp; de este sitio web. \u00c9stas&nbsp; acciones se&nbsp; realizan de forma diferente en funci\u00f3n del navegador que est\u00e9 utilizando.&nbsp;<strong><a href=\"https:\/\/www.piqture.cat\/politica-de-cookies\/#ap3\">Aqu\u00ed dejamos una gu\u00eda<\/a><\/strong>&nbsp; <strong><a href=\"https:\/\/www.piqture.cat\/politica-de-cookies\/#ap3\">r\u00e1pida para los navegadores m\u00e1s populares<\/a><\/strong> .&nbsp; (apartado 3)<\/p>\n\n\n\n<p><strong>Notas adicionales<\/strong><\/p>\n\n\n\n<p>Ni esta&nbsp; web ni sus representantes&nbsp; legales se hacen&nbsp; responsables ni del contenido ni de la veracidad&nbsp; de las pol\u00edticas de privacidad que puedan tener los terceros mencionados en esta pol\u00edtica de&nbsp; <em>cookies<\/em> .<\/p>\n\n\n\n<p>Los navegadores web son las herramientas encargadas de almacenar las&nbsp;<em>cookies<\/em>&nbsp; y desde este sitio de efectuar su derecho a eliminaci\u00f3n o desactivaci\u00f3n de&nbsp; las mismas. Ni esta web ni sus representantes legales pueden garantizar la&nbsp; correcta o incorrecta manipulaci\u00f3n de las&nbsp;<em>cookies<\/em>&nbsp; por parte de los&nbsp; citados navegadores.<\/p>\n\n\n\n<p>En algunos casos es necesario instalar&nbsp; <em>cookies<\/em>&nbsp; para que el navegador no olvide su decisi\u00f3n de no aceptaci\u00f3n de las mismas.<\/p>\n\n\n\n<p>En el caso de las&nbsp;<em>cookies<\/em>&nbsp; de Google Analytics, esta&nbsp; empresa&nbsp; almacena las&nbsp;<em>cookies<\/em>&nbsp; en los servidores en Estados Unidos y se compromete a no&nbsp; compartirla con terceros, excepto en los casos en que sea necesario para&nbsp; el funcionamiento del sistema o cuando la ley obligue al efecto. Seg\u00fan&nbsp; Google no guarda su direcci\u00f3n IP.&nbsp; Google Inc.&nbsp; es una compa\u00f1\u00eda adherida al Escudo de privacidad que garantiza que todos los datos transferidos ser\u00e1n&nbsp; tratados con un nivel de protecci\u00f3n acorde con la normativa europea. Puede consultar informaci\u00f3n detallada sobre este tema&nbsp;<a href=\"http:\/\/safeharbor.export.gov\/companyinfo.aspx?id=16626\">en&nbsp; <strong>este<\/strong>&nbsp; <strong>enlace<\/strong><\/a>&nbsp;<strong>(1)<\/strong> . Si desea informaci\u00f3n sobre el uso que Google hace de&nbsp; las&nbsp;<em>cookies<\/em>&nbsp;<a href=\"https:\/\/developers.google.com\/analytics\/devguides\/collection\/analyticsjs\/cookie-usage?hl=es&amp;csw=1\">adjuntamos&nbsp; <strong>ese otro<\/strong>&nbsp; <strong>enlace<\/strong><\/a>&nbsp;<strong>(2)<\/strong> .<\/p>\n\n\n\n<p>Por cualquier duda o consulta sobre esta pol\u00edtica&nbsp; <em>cookies<\/em>&nbsp; no dude en&nbsp; comunicarse con nosotros a trav\u00e9s de la secci\u00f3n de contacto.<\/p>\n\n\n\n<p>(1) <a href=\"https:\/\/www.privacyshield.gov\/welcome\">https:\/\/www.privacyshield.gov\/welcome<\/a><br>(2) <a href=\"https:\/\/developers.google.com\/analytics\/devguides\/collection\/analyticsjs\/cookie-usage?hl=es&amp;csw=1\">https:\/\/developers.google.com\/analytics\/devguides\/collection\/analyticsjs\/cookie-usage?hl=es&amp;csw=1<\/a><\/p>\n\n\n\n<h1 class=\"wp-block-heading\">Apartado 2<\/h1>\n\n\n\n<p><strong>M\u00e1s informaci\u00f3n sobre las cookies.<\/strong><\/p>\n\n\n\n<p><strong>Qu\u00e9&nbsp; es una&nbsp; <em>cookie<\/em> ?<\/strong><\/p>\n\n\n\n<p>Una&nbsp;<em>cookie<\/em>&nbsp; es uno&nbsp; archivo de texto inofensivo que se almacena en su navegador&nbsp; cuando visita casi cualquier p\u00e1gina web. La utilidad de la&nbsp;<em>cookie<\/em>&nbsp; es que la web&nbsp; sea \u200b\u200bcapaz de recordar su visita cuando vuelva a navegar por esa p\u00e1gina.&nbsp; Aunque mucha gente no lo sabe las&nbsp;<em>cookies<\/em>&nbsp; se llevan utilizando desde hace 20&nbsp; a\u00f1os, cuando aparecieron los primeros navegadores para la World Wide Web.<\/p>\n\n\n\n<p><strong>Qu\u00e9&nbsp; NO es&nbsp; una&nbsp; <em>cookie<\/em> ?<\/strong><\/p>\n\n\n\n<p>No es un virus, ni un troyano, ni un gusano, ni spam, ni spyware, ni obra ventanas&nbsp; pop-up.<\/p>\n\n\n\n<p><strong>Qu\u00e9 informaci\u00f3n almacena&nbsp; una&nbsp; <em>cookie<\/em> ?<\/strong><\/p>\n\n\n\n<p>Las&nbsp;<em>cookies<\/em>&nbsp; no suelen almacenar informaci\u00f3n sensible sobre usted, como&nbsp; tarjetas de cr\u00e9dito o datos bancarios, fotograf\u00edas, su DNI o informaci\u00f3n&nbsp; personal, etc. Los datos que guardan son de car\u00e1cter t\u00e9cnico, preferencias&nbsp; personales, personalizaci\u00f3n de contenidos, etc.<\/p>\n\n\n\n<p>El servidor web no asocia a usted como persona sino a su navegador web.&nbsp;De hecho, si usted navega habitualmente con Internet Explorer pruebe a&nbsp; navegar por la misma web con Firefox o Chrome y ver\u00e1 que la web no se da cuenta&nbsp; que es usted la misma persona porque en realidad est\u00e1 asociando al navegador,&nbsp; no a la persona.<\/p>\n\n\n\n<p><strong>\u00bfQu\u00e9 tipo de&nbsp; <em>cookies<\/em>&nbsp; existen?<\/strong><\/p>\n\n\n\n<p><em>Cookies<\/em>&nbsp; t\u00e9cnicas: Son las&nbsp; m\u00e1s elementales y permiten, entre otras cosas,&nbsp; saber cu\u00e1ndo est\u00e1 navegando un humano o una aplicaci\u00f3n automatizada, cu\u00e1ndo&nbsp; navega un usuario an\u00f3nimo y un registrado, tareas b\u00e1sicas para el&nbsp; funcionamiento de cualquier web din\u00e1mica.<\/p>\n\n\n\n<p><em>Cookies<\/em>&nbsp; de an\u00e1lisis:&nbsp; Recogen informaci\u00f3n sobre el tipo de navegaci\u00f3n que est\u00e1&nbsp; realizando, las secciones que m\u00e1s utiliza, productos consultados, franja&nbsp; horaria de uso, idioma, etc.<\/p>\n\n\n\n<p><em>Cookies<\/em>&nbsp; publicitarias: Muestran publicidad en funci\u00f3n de su navegaci\u00f3n, su&nbsp; pa\u00eds de procedencia, idioma, etc.<\/p>\n\n\n\n<p><strong>Qu\u00e9 son las&nbsp; <em>cookies<\/em>&nbsp; propias y&nbsp; las de terceros?<\/strong><\/p>\n\n\n\n<p>Las&nbsp; <em>cookies<\/em>&nbsp; propias son las generadas por la p\u00e1gina que est\u00e1 visitando y las de terceros son las generadas por servicios o proveedores externos como Facebook, Twitter, Google, etc.<\/p>\n\n\n\n<p><strong>Qu\u00e9 pasa&nbsp; si desactivo las&nbsp; <em>cookies<\/em> ?<\/strong><\/p>\n\n\n\n<p>Para que entienda el alcance que puede tener desactivar las&nbsp; <em>cookies<\/em>&nbsp; le mostramos unos ejemplos:<\/p>\n\n\n\n<p>No podr\u00e1 compartir contenidos de esta web en Facebook, Twitter o cualquier&nbsp; red social.<\/p>\n\n\n\n<p>El sitio web no podr\u00e1 adaptar los contenidos a sus preferencias personales,&nbsp; como suele ocurrir en las tiendas&nbsp; online.<\/p>\n\n\n\n<p>No podr\u00e1 acceder al \u00e1rea personal de esta web, como por ejemplo&nbsp; <em>Mi cuenta<\/em> , o&nbsp; <em>Mi perfil<\/em>&nbsp; o&nbsp; <em>Mis pedidos<\/em> .<\/p>\n\n\n\n<p>Tiendas&nbsp; online:&nbsp; Le ser\u00e1 imposible realizar compras online, tendr\u00e1n que ser&nbsp; telef\u00f3nicas o visitando la tienda f\u00edsica si dispone de \u00e9sta.<\/p>\n\n\n\n<p>Ser\u00e1 imposible personalizar&nbsp; sus preferencias geogr\u00e1ficas como franja&nbsp; horaria, divisa o idioma.<\/p>\n\n\n\n<p>El sitio web no podr\u00e1 realizar anal\u00edticas web sobre visitantes y tr\u00e1fico a&nbsp; la web, lo que dificultar\u00e1 que la web sea competitiva.<\/p>\n\n\n\n<p>No podr\u00e1 escribir en el blog, no podr\u00e1 subir fotos, publicar comentarios,&nbsp; valorar o puntuar contenidos. La web tampoco podr\u00e1 saber si usted es un&nbsp; humano o una aplicaci\u00f3n automatizada que publica&nbsp;<em>spam<\/em> .<\/p>\n\n\n\n<p>No se podr\u00e1 mostrar publicidad sectorizada, lo que reducir\u00e1 los ingresos&nbsp; publicitarios de la web.<\/p>\n\n\n\n<p>Todas las redes sociales utilizan&nbsp; <em>cookies<\/em> , si las desactiva no podr\u00e1 utilizar ninguna red&nbsp; social.<\/p>\n\n\n\n<p><strong>Se pueden&nbsp; eliminar las&nbsp; <em>cookies<\/em> ?<\/strong><\/p>\n\n\n\n<p>S\u00ed. No&nbsp; s\u00f3lo&nbsp; eliminar, tambi\u00e9n bloquear, de forma general o particular por un dominio espec\u00edfico.<\/p>\n\n\n\n<p>Para eliminar las&nbsp; <em>cookies<\/em>&nbsp; de un sitio&nbsp; web debe ir&nbsp; en la configuraci\u00f3n de su navegador y&nbsp; all\u00ed podr\u00e1 buscar las asociadas al dominio en cuesti\u00f3n y&nbsp; proceder a su eliminaci\u00f3n.<\/p>\n\n\n\n<h1 class=\"wp-block-heading\" id=\"ap3\">Apartado 3<\/h1>\n\n\n\n<p><strong>Configuraci\u00f3n de cookies por los navegadores m\u00e1s populares&nbsp;<\/strong><\/p>\n\n\n\n<p>A continuaci\u00f3n le explicamos c\u00f3mo acceder a una&nbsp;<em>cookie<\/em>&nbsp; determinada del&nbsp; navegador&nbsp;<strong>Chrome<\/strong> . Nota: estos pasos pueden variar en funci\u00f3n de la versi\u00f3n&nbsp; del navegador:<\/p>\n\n\n\n<p>Vaya a Configuraci\u00f3n o Preferencias mediante el men\u00fa Archivo o pulsando&nbsp; la&nbsp; icono de personalizaci\u00f3n que aparece&nbsp; a&nbsp; arriba a la derecha.<\/p>\n\n\n\n<p>Ver\u00e1 diferentes secciones, pulse la opci\u00f3n&nbsp; <em>Mostrar opciones avanzadas<\/em> .<\/p>\n\n\n\n<p>Vaya a Privacidad,&nbsp; <em>Configuraci\u00f3n de contenido<\/em> .<\/p>\n\n\n\n<p>Seleccione&nbsp; <em>Todas las cookies y<\/em>&nbsp; <em>los datos de<\/em>&nbsp; <em>puestos<\/em> .<\/p>\n\n\n\n<p>Aparecer\u00e1 un listado con todas las&nbsp;<em>cookies<\/em>&nbsp; ordenadas por dominio. Porque&nbsp; le&nbsp; sea \u200b\u200bm\u00e1s f\u00e1cil encontrar las&nbsp;<em>cookies<\/em>&nbsp; de un determinado dominio introduzca parcial o totalmente la direcci\u00f3n en el campo&nbsp;<em>Buscar cookies.<\/em><\/p>\n\n\n\n<p>Despu\u00e9s de realizar este filtro aparecer\u00e1n en la pantalla una o varias l\u00edneas con las&nbsp; <em>cookies<\/em>&nbsp; de la web solicitada.&nbsp; Ahora s\u00f3lo tiene que seleccionarla y pulsar la&nbsp; X para proceder a su eliminaci\u00f3n.<\/p>\n\n\n\n<p>Para acceder a la configuraci\u00f3n de&nbsp; <em>cookies<\/em>&nbsp; del navegador&nbsp; <strong>Internet Explorer<\/strong>&nbsp; siga estos pasos&nbsp; (pueden variar en funci\u00f3n de la versi\u00f3n del navegador):<\/p>\n\n\n\n<p>Vaya a&nbsp; <em>Herramientas, Opciones de Internet<\/em><\/p>\n\n\n\n<p>Haga&nbsp; click en&nbsp; <em>Privacidad<\/em> .<\/p>\n\n\n\n<p>Mueva el deslizador&nbsp; hasta ajustar el nivel de privacidad&nbsp; que quiera.<\/p>\n\n\n\n<p>Para acceder a la configuraci\u00f3n de cookies del navegador&nbsp; <strong>Firefox<\/strong>&nbsp; siga estos pasos&nbsp; (pueden variar en funci\u00f3n de la versi\u00f3n del navegador):<\/p>\n\n\n\n<p>Vaya a&nbsp; <em>Opciones<\/em>&nbsp; o&nbsp; <em>Preferencias<\/em>&nbsp; seg\u00fan su sistema operativo.<\/p>\n\n\n\n<p>Haga click en&nbsp; <em>Privacidad<\/em> .<\/p>\n\n\n\n<p>En&nbsp; <em>Historial<\/em>&nbsp; elija&nbsp; <em>Utilizar una configuraci\u00f3n personalizada para<\/em>&nbsp; <em>el historial<\/em> .<\/p>\n\n\n\n<p>Ahora ver\u00e1&nbsp; la opci\u00f3n&nbsp; Aceptar&nbsp; <em>cookies<\/em> ,&nbsp; puede activarla o desactivarla seg\u00fan&nbsp; sus preferencias.<\/p>\n\n\n\n<p>Para acceder a la configuraci\u00f3n de&nbsp; <em>cookies<\/em>&nbsp; del navegador&nbsp; <strong>Safari por OSX<\/strong>&nbsp; siga estos pasos&nbsp; (pueden variar en funci\u00f3n de la versi\u00f3n del navegador):<\/p>\n\n\n\n<p>Vaya a&nbsp; <em>Preferencias<\/em> , despu\u00e9s&nbsp; Privacidad.<\/p>\n\n\n\n<p>Aqu\u00ed&nbsp; ver\u00e1 la opci\u00f3n&nbsp; Bloquear&nbsp; <em>cookies<\/em>&nbsp; para que ajuste el tipo de bloqueo que desee realizar.<\/p>\n\n\n\n<p>Para acceder a la configuraci\u00f3n de&nbsp; <em>cookies<\/em>&nbsp; del navegador&nbsp; <strong>Safari para iOS<\/strong>&nbsp; siga estos pasos&nbsp; (pueden variar en funci\u00f3n de la versi\u00f3n del navegador):<\/p>\n\n\n\n<p>Vaya&nbsp; a&nbsp; <em>Ajustes<\/em> , despu\u00e9s&nbsp; <em>Safari<\/em> .<\/p>\n\n\n\n<p>Vaya a&nbsp; <em>Privacidad<\/em>&nbsp; <em>y Seguridad<\/em> , ver\u00e1 la opci\u00f3n&nbsp; <em>Bloquear cookies<\/em>&nbsp; para que ajuste el bloqueo que desea&nbsp; realizar.<\/p>\n\n\n\n<p>Para acceder a la configuraci\u00f3n de&nbsp; <em>cookies<\/em>&nbsp; del navegador por dispositivos&nbsp; <strong>Android<\/strong>&nbsp; siga estos pasos&nbsp; (pueden variar en funci\u00f3n de la versi\u00f3n del navegador):<\/p>\n\n\n\n<p>Ejecute el navegador y pulse la tecla&nbsp; <em>Men\u00fa<\/em> , despu\u00e9s&nbsp; <em>Ajustes<\/em> .<\/p>\n\n\n\n<p>Vaya&nbsp; a&nbsp; <em>Seguridad<\/em>&nbsp; y&nbsp; <em>Privacidad<\/em> , ver\u00e1 la opci\u00f3n&nbsp; <em>Aceptar cookies<\/em>&nbsp; porque&nbsp; active o desactive la casilla.<\/p>\n\n\n\n<p>Para acceder a la configuraci\u00f3n de&nbsp; <em>cookies<\/em>&nbsp; del navegador por dispositivos&nbsp; <strong>Windows Phone<\/strong>&nbsp; siga estos pasos&nbsp; (pueden variar en funci\u00f3n de la versi\u00f3n del navegador):<\/p>\n\n\n\n<p>Abre&nbsp; <em>Internet Explorer<\/em> , despu\u00e9s&nbsp; <em>M\u00e1s<\/em>&nbsp; y&nbsp; <em>Configuraci\u00f3n<\/em> .<\/p>\n\n\n\n<p>Ahora puede activar o desactivar la casilla&nbsp; <em>Permitir cookies<\/em> .<\/p>\n\t\t\t\t\t\t\t\t<\/div>\n\t\t\t\t<\/div>\n\t\t\t\t\t<\/div>\n\t\t\t\t<\/div>\n\t\t\t\t<\/div>\n\t\t","protected":false},"excerpt":{"rendered":"<p>Apartado 1 Pol\u00edtica de cookies Una cookie es un archivo peque\u00f1o que se almacena en su navegador cuando visita la mayor\u00eda de p\u00e1ginas web. Su utilidad es que la web sea capaz de recordar su visita cuando vuelva a navegar por esa p\u00e1gina. Las&nbsp;cookies&nbsp; suelen almacenar informaci\u00f3n de car\u00e1cter t\u00e9cnico, preferencias personales, personalizaci\u00f3n de contenidos, [&hellip;]<\/p>\n","protected":false},"author":1,"featured_media":0,"parent":0,"menu_order":0,"comment_status":"closed","ping_status":"closed","template":"","meta":{"footnotes":""},"class_list":["post-314","page","type-page","status-publish","hentry"],"_links":{"self":[{"href":"https:\/\/www.centreequilibrat.cat\/es\/wp-json\/wp\/v2\/pages\/314","targetHints":{"allow":["GET"]}}],"collection":[{"href":"https:\/\/www.centreequilibrat.cat\/es\/wp-json\/wp\/v2\/pages"}],"about":[{"href":"https:\/\/www.centreequilibrat.cat\/es\/wp-json\/wp\/v2\/types\/page"}],"author":[{"embeddable":true,"href":"https:\/\/www.centreequilibrat.cat\/es\/wp-json\/wp\/v2\/users\/1"}],"replies":[{"embeddable":true,"href":"https:\/\/www.centreequilibrat.cat\/es\/wp-json\/wp\/v2\/comments?post=314"}],"version-history":[{"count":3,"href":"https:\/\/www.centreequilibrat.cat\/es\/wp-json\/wp\/v2\/pages\/314\/revisions"}],"predecessor-version":[{"id":317,"href":"https:\/\/www.centreequilibrat.cat\/es\/wp-json\/wp\/v2\/pages\/314\/revisions\/317"}],"wp:attachment":[{"href":"https:\/\/www.centreequilibrat.cat\/es\/wp-json\/wp\/v2\/media?parent=314"}],"curies":[{"name":"wp","href":"https:\/\/api.w.org\/{rel}","templated":true}]}}