{"id":307,"date":"2024-02-06T15:28:14","date_gmt":"2024-02-06T15:28:14","guid":{"rendered":"http:\/\/www.centreequilibrat.cat\/politica-de-privacidad\/"},"modified":"2024-02-06T21:01:56","modified_gmt":"2024-02-06T21:01:56","slug":"politica-de-privacidad","status":"publish","type":"page","link":"https:\/\/www.centreequilibrat.cat\/es\/politica-de-privacidad\/","title":{"rendered":"Pol\u00edtica de privacidad"},"content":{"rendered":"\t\t<div data-elementor-type=\"wp-page\" data-elementor-id=\"307\" class=\"elementor elementor-307 elementor-61\" data-elementor-post-type=\"page\">\n\t\t\t\t<div class=\"elementor-element elementor-element-2410e455 e-flex e-con-boxed e-con e-parent\" data-id=\"2410e455\" data-element_type=\"container\" data-e-type=\"container\">\n\t\t\t\t\t<div class=\"e-con-inner\">\n\t\t\t\t<div class=\"elementor-element elementor-element-6f38d342 elementor-widget elementor-widget-text-editor\" data-id=\"6f38d342\" data-element_type=\"widget\" data-e-type=\"widget\" data-widget_type=\"text-editor.default\">\n\t\t\t\t<div class=\"elementor-widget-container\">\n\t\t\t\t\t\t\t\t\t\n<p>Pol\u00edtica de protecci\u00f3n de datos, cookies y redes sociales de Centre Equilibra&#8217;t<\/p>\n\n\n\n<p>Fecha de entrada en vigor de la pol\u00edtica de protecci\u00f3n de datos, galletas y redes sociales 25 de mayo de 2018.<\/p>\n\n\n\n<p>En Centre Equilibra&#8217;t deseamos proteger y respetar tu privacidad, para ello adoptamos las medidas de seguridad establecidas en las normas legales. A continuaci\u00f3n, le explicamos entre otros aspectos c\u00f3mo y para qu\u00e9 tratamos sus datos.<\/p>\n\n\n\n<p>Responsable del tratamiento de tus datos<\/p>\n\n\n\n<p>RESPONSABLE MARIA ISABEL D\u00cdAZ EXP\u00d3SITO<br>NIF: 47684703E Dir. postal: Ronda Sud, 38 25141 Torregrossa (Lleida) Tel\u00e9fono: 615 64 98 63<br>Puedes consultar tus dudas sobre protecci\u00f3n de datos enviando un correo electr\u00f3nico a  <\/p>\n\n\n\n<p>FINALIDAD \u2013 TRATAMIENTO DE TUS Datos<\/p>\n\n\n\n<p>La finalidad del tratamiento de los datos corresponde a cada una de las actividades de tratamiento que realiza Centre Equilibra&#8217;t y que est\u00e1n accesibles al REGISTRO DE ACTIVIDADES de tratamiento.<\/p>\n\n\n\n<p>Los tratamientos de datos que hacemos se justifican seg\u00fan los casos en base: a nuestro inter\u00e9s leg\u00edtimo, al desarrollo de la relaci\u00f3n de car\u00e1cter contractual, al cumplimiento de obligaciones legales o al consentimiento. Las finalidades para las que tratamos tus datos son las siguientes:<\/p>\n\n\n\n<p>Gestionar las relaciones de clientes, proveedores y personal de nuestra empresa<br>Esta finalidad engloba diferentes operaciones de tratamiento de datos como son la gesti\u00f3n de la relaci\u00f3n entre usuarios de la web, la prestaci\u00f3n de servicios a los representantes de empresas y entidades o el mantenimiento de la relaci\u00f3n con las mismas.<\/p>\n\n\n\n<p>Mantenimiento de la relaci\u00f3n comercial<br>Tambi\u00e9n es necesario que tratemos los datos de los representantes de nuestros proveedores para el correcto mantenimiento y gesti\u00f3n de la relaci\u00f3n comercial como, por ejemplo, gesti\u00f3n, el pago de los servicios o la resoluci\u00f3n de cuestiones y reclamaciones sobre los mismos.<\/p>\n\n\n\n<p>Difusi\u00f3n de nuestras actividades<br>Para la difusi\u00f3n de las actividades y\/o eventos que organizamos o en los que participamos, solemos realizar fotograf\u00edas y v\u00eddeos en los que aparecen la imagen y la voz de los asistentes que posteriormente pueden ser difundidas a trav\u00e9s de nuestros medios digitales y redes sociales.<\/p>\n\n\n\n<p>Enviar comunicaciones sobre nuestras actividades y servicios<br>Tratamos los datos para remitirte comunicaciones por correo electr\u00f3nico o SMS relacionadas con las actividades o servicios que prestamos y eventos que realizamos o en los que participamos, seg\u00fan los casos en base al inter\u00e9s leg\u00edtimo oa tu consentimiento.<\/p>\n\n\n\n<p>Asimismo, realizamos campa\u00f1as publicitarias en redes sociales a nuestros seguidores para dar a conocer nuestros servicios y eventos de forma segmentada seg\u00fan la edad o los intereses de los seguidores utilizando los algoritmos y herramientas que para este fin ofrece cada canal social y seg\u00fan la manera como los seguidores hayan configurado las opciones de recibir publicidad en sus perfiles de usuarios de las redes sociales.<\/p>\n\n\n\n<p>Navegar por la web y utilizar nuestros medios digitales<br>Tratamos los datos para permitir y facilitar el servicio de acceso a nuestros medios digitales ya las redes sociales donde estamos presentes y realizar un seguimiento de su utilizaci\u00f3n a trav\u00e9s de dispositivos de almacenamiento y recuperaci\u00f3n de datos, o cookies. Por ejemplo, para ofrecerte la versi\u00f3n de p\u00e1gina web que mejor se adapte a las caracter\u00edsticas del dispositivo desde el que accedes, por contar el n\u00famero de vistas en nuestra p\u00e1gina web, para analizar la apertura de los correos electr\u00f3nicos enviados en relaci\u00f3n , por ejemplo, con la fecha y la hora en que se reciben o desde el dispositivo desde donde se abren.<\/p>\n\n\n\n<p>Tambi\u00e9n tratamos los datos para saber el inter\u00e9s que generan nuestros contenidos y anuncios en las redes sociales, el tipo de reacciones que generan, por ejemplo, en forma de clics o comentarios, as\u00ed como analizar cu\u00e1les son los \u00edndices de respuesta de los eventos, las publicaciones y actividades que realizamos.<\/p>\n\n\n\n<p>Prevenir fraude y controlar la seguridad<br>Tratamos tus datos para proteger la seguridad de tu informaci\u00f3n y la de nuestros medios digitales, detectando y previniendo posibles incidentes de seguridad.<\/p>\n\n\n\n<p>Cumplir con obligaciones legales y requerimientos<br>Debemos tratar tus datos para el cumplimiento de nuestras obligaciones legales, por ejemplo, a las normas de car\u00e1cter fiscal, laboral o de protecci\u00f3n de datos, as\u00ed como para atender a los requerimientos que nos realicen desde organismos p\u00fablicos.<\/p>\n\n\n\n<p>LEGITIMACI\u00d3N<\/p>\n\n\n\n<p>El tratamiento de sus datos se realiza para el cumplimiento de obligaciones legales por parte de la Centro Equilibra&#8217;t, as\u00ed como cuando la finalidad del tratamiento requiera su consentimiento, que deber\u00e1 ser prestado mediante una clara acci\u00f3n afirmativa.<\/p>\n\n\n\n<p>Puede consultar la base legal para cada una de las actividades de tratamiento que lleva a cabo la Centro Equilibra&#8217;t en el siguiente enlace en el registro de actividades de tratamiento de la B<\/p>\n\n\n\n<p>lackotruffles.<\/p>\n\n\n\n<p>Procedencia de tus datos y qu\u00e9 informaci\u00f3n tratamos<\/p>\n\n\n\n<p>La informaci\u00f3n que tratamos procede de:<\/p>\n\n\n\n<p>Datos que nos has facilitado directamente<br>En estos casos, la informaci\u00f3n nos la ha facilitado directamente a trav\u00e9s de tarjetas de visita o de los formularios que figuran en nuestros medios digitales como, por ejemplo, nombre de usuario y contrase\u00f1a, tu nombre, apellidos, direcci\u00f3n de correo electr\u00f3nico, direcci\u00f3n postal, n\u00famero de tel\u00e9fono o datos bancarios.<\/p>\n\n\n\n<p>Datos recogidos de forma automatizada a trav\u00e9s de cookies<br>Asimismo, pedimos datos de forma automatizada a trav\u00e9s de cookies o dispositivos de almacenamiento y recuperaci\u00f3n de datos sobre la navegaci\u00f3n y uso que haces de nuestra plataforma, de nuestras cuentas en redes sociales y de nuestros correos electr\u00f3nicos o SMS.<\/p>\n\n\n\n<p>En estos casos, la informaci\u00f3n hace referencia a datos de contexto como, por ejemplo, la versi\u00f3n del navegador, la direcci\u00f3n IP desde la que se conecta, la hora de apertura de los correos electr\u00f3nicos, las p\u00e1ginas o secciones de la plataforma que visite o del terminal desde el que te conectas.<\/p>\n\n\n\n<p>Datos de redes sociales<br>En las redes sociales, tenemos acceso a los perfiles sociales de las personas o entidades que deciden seguir nuestras cuentas de redes sociales. Accedemos a la informaci\u00f3n disponible seg\u00fan el nivel de privacidad que cada usuario haya marcado en cada red, por ejemplo, si no haces p\u00fablico tu email a otros contactos, no lo veremos.<\/p>\n\n\n\n<p>No utilizamos la informaci\u00f3n de tu perfil social, \u00fanicamente nos limitamos a interactuar contigo publicando noticias sobre nuestra actividad en nuestra red de seguidores y cuando decides enviarnos un mensaje directo o hacer un comentario mencion\u00e1ndonos.<\/p>\n\n\n\n<p>Datos obtenidos de fuentes p\u00fablicas<br>En algunos casos tambi\u00e9n obtenemos datos como los datos de contacto de los representantes de instituciones p\u00fablicas o privadas de fuentes p\u00fablicas.<\/p>\n\n\n\n<p>derechos de los interesados<\/p>\n\n\n\n<p>Cualquier persona tiene derecho a obtener confirmaci\u00f3n sobre los tratamientos que de sus datos que se llevan a cabo por la Blackotruffles.<\/p>\n\n\n\n<p>Puede ejercer sus derechos de acceso, rectificaci\u00f3n, supresi\u00f3n y portabilidad de sus datos, de limitaci\u00f3n y oposici\u00f3n a su tratamiento, as\u00ed como a no ser objeto de decisiones basadas \u00fanicamente en el tratamiento automatizado de sus datos, cuando procedan.<\/p>\n\n\n\n<p>tus derechos en relaci\u00f3n con la informaci\u00f3n que tratamos<\/p>\n\n\n\n<p>Tienes los siguientes derechos en relaci\u00f3n con tus datos:<\/p>\n\n\n\n<p>Derecho a saber si estamos tratando tus datos personales, acceder a ellos y solicitar informaci\u00f3n sobre c\u00f3mo y por qu\u00e9 los tratamos y, en su caso, solicitar una copia.<br>Derecho a rectificar y modificar los datos cuando no sean correctos o sean inexactos y solicitar su supresi\u00f3n, cuando ya no sean necesarios para los fines para los que se recogen.<br>Por motivos relacionados con tu situaci\u00f3n particular, tienes derecho a oponerte a que tratemos tus datos y, si procede, a revocar el consentimiento que nos hayas dado para hacerlo.<br>En determinadas circunstancias, tienes derecho a solicitar que limitemos el tratamiento de tus datos, en cuyo caso \u00fanicamente los conservaremos para el ejercicio y defensa de reclamaciones, para lo que nos des tu consentimiento o para atender responsabilidades legales y contractuales.<br>Derecho a presentar una reclamaci\u00f3n ante la Agencia Espa\u00f1ola de Protecci\u00f3n de Datos, tal y como se informa a trav\u00e9s de la p\u00e1gina web.<br>En relaci\u00f3n a los datos que obtenemos de forma automatizada a trav\u00e9s de cookies, puedes oponerte a trav\u00e9s de las opciones de control de tu navegador o de los ajustes de tu m\u00f3vil u otro dispositivo con el que accedas a nuestros medios digitales. Puedes consultar las instrucciones para los dispositivos y navegadores m\u00e1s comunes en los siguientes enlaces:<\/p>\n\n\n\n<ul>\n<li><a href=\"https:\/\/support.google.com\/chrome\/answer\/2790761\">Google Chrome<\/a><\/li>\n\n\n\n<li><a href=\"https:\/\/support.mozilla.org\/es\/kb\/como-activo-la-caracteristica-no-quiero-ser-rastreado\">Mozilla Firefox<\/a><\/li>\n\n\n\n<li><a href=\"https:\/\/support.microsoft.com\/es-es\/help\/17288\/windows-internet-explorer-11-use-do-not-track\">Internet Explorer<\/a><\/li>\n\n\n\n<li><a href=\"https:\/\/support.apple.com\/es-es\/guide\/safari\/sfri40732\/mac\">Safari en Mac OS<\/a><\/li>\n\n\n\n<li><a href=\"https:\/\/support.apple.com\/es-es\/HT201265\">Safari para iOS (iPhone y iPad):<\/a>&nbsp; Ajustes \u203a Safari \u203a Pedir que no me rastreen<\/li>\n\n\n\n<li><a href=\"https:\/\/support.google.com\/chrome\/answer\/2790761\">Chrome para Android<\/a><\/li>\n\n\n\n<li><a href=\"https:\/\/support.mozilla.org\/es\/kb\/como-habilito-la-caracteristica-no-quiero-ser-rast\">Mozilla Firefox para Android<\/a><\/li>\n\n\n\n<li><a href=\"https:\/\/privacy.microsoft.com\/es-es\/windows-10-microsoft-edge-and-privacy\">Microsoft Edge<\/a><\/li>\n<\/ul>\n\n\n\n<p>Si quieres controlar la informaci\u00f3n que obtenemos autom\u00e1ticamente de redes sociales puedes hacerlo a trav\u00e9s de las opciones de tu perfil en cada una de las redes sociales en las que tienes una cuenta. Para ello, deber\u00e1 iniciar sesi\u00f3n en la red social y gestionar desde su perfil de usuario la informaci\u00f3n que permita que la red haga p\u00fablica ya quien permita acceder a ella.<\/p>\n\n\n\n<p>CONSERVACI\u00d3N DE DATOS &#8211; tiempo que conservaremos tu informaci\u00f3n<\/p>\n\n\n\n<p>Mantendremos la informaci\u00f3n mientras sea necesario para la prestaci\u00f3n del servicio solicitado, hasta que nos manifiestes tu oposici\u00f3n o hasta que revoques tu consentimiento. En estos casos, la informaci\u00f3n se mantendr\u00e1 debidamente bloqueada sin que la podamos utilizar mientras  <\/p>\n\n\n\n<p>despu\u00e9s de que sea necesaria para el ejercicio o defensa de reclamaciones legales o contractuales y para determinar las posibles responsabilidades que puedan derivarse de la finalidad, adem\u00e1s de los per\u00edodos establecidos en la normativa de archivos y documentaci\u00f3n. Una vez transcurrido ese plazo de tiempo, tus datos ser\u00e1n eliminados definitivamente.<\/p>\n\n\n\n<p>En los casos en que obtenemos datos autom\u00e1ticamente a trav\u00e9s de cookies, ten en cuenta que algunas de ellas pueden estar instaladas durante a\u00f1os. Sin embargo, puede limitar su uso en el tiempo elimin\u00e1ndolas de los navegadores o dispositivos. Puede consultar instrucciones detalladas en los enlaces mencionados en el apartado anterior.<\/p>\n\n\n\n<p>COMUNICACI\u00d3N DE DATOS<\/p>\n\n\n\n<p>A todos los efectos no se comunicar\u00e1n los datos personales a terceros, salvo obligaci\u00f3n legal. Puede consultar los destinatarios para cada una de las actividades de tratamiento que lleva a cabo la Blackotruffles en el siguiente enlace en el registro de actividades de tratamiento de la Blackotruffles.<\/p>\n\n\n\n<p>\u00bfQui\u00e9n tiene acceso a la informaci\u00f3n y d\u00f3nde guardamos tus datos?<\/p>\n\n\n\n<p>Protegemos la informaci\u00f3n que solicitamos estableciendo las medidas de seguridad t\u00e9cnicas y administrativas determinadas en las normas legales contra el acceso no autorizado, la indisponibilidad y la divulgaci\u00f3n no autorizada.<\/p>\n\n\n\n<p>A tu informaci\u00f3n puede acceder nuestro personal, quienes son conocedores de los usos para los que pueden utilizarla y sus limitaciones, estando sujetos al deber secreto, as\u00ed como a las autoridades p\u00fablicas y judiciales competentes cuando nos la requieran y as\u00ed lo exija la normativa aplicable.<\/p>\n\n\n\n<p>Para la prestaci\u00f3n de los servicios que ofrecemos, es necesario que accedan a tus datos nuestras empresas proveedoras de servicios como encargadas de tratamiento, con las que mantenemos un contrato de prestaci\u00f3n de servicios donde se establecen las condiciones de uso y las medidas de seguridad aplicables a los datos, sin que puedan utilizarlos para fines distintos. Proveedores por, por ejemplo, la gesti\u00f3n de cobro de los servicios, el almacenamiento de datos, el an\u00e1lisis y la medici\u00f3n de uso de nuestros servicios digitales y redes sociales, el env\u00edo de comunicaciones por correo electr\u00f3nico o SMS o la participaci\u00f3n en eventos, encuestas o cursos .<\/p>\n\n\n\n<p>Asimismo, para tratar la informaci\u00f3n que obtenemos de forma automatizada sobre la forma y uso que haces de nuestros servicios y medios digitales, utilizamos cookies de terceros, que podr\u00edan acceder a esta informaci\u00f3n para tratarla con sus propios fines. Estos terceros son:<\/p>\n\n\n\n<p>Cookies de medida<br>La aplicaci\u00f3n que utilizamos para obtener informaci\u00f3n sobre la navegaci\u00f3n, medir y analizar la audiencia es Google Analytics. Desarrollada por Google nos presta el servicio de medici\u00f3n y an\u00e1lisis de la audiencia de nuestras p\u00e1ginas. Asimismo, ella misma puede utilizar estos datos para mejorar sus propios servicios y ofrecer servicios a otras empresas. Puede conocer estos otros usos desde los enlaces indicados.<\/p>\n\n\n\n<p>La informaci\u00f3n que obtienen est\u00e1 relacionada con el n\u00famero de p\u00e1ginas visitas, el idioma, la red social donde se publican nuestras noticias, la ciudad o regi\u00f3n a la que est\u00e1 asignada la direcci\u00f3n IP desde la que accedes, el n\u00famero de nuevos usuarios, la frecuencia y reincidencia de las visitas, el tiempo de visita, el navegador y el operador o tipos de terminal desde el que se realiza la visita.<\/p>\n\n\n\n<p>Cookies sociales<br>En nuestras webs existen una serie de herramientas o aplicaciones que te permitir\u00e1n interactuar con otras aplicaciones como son:<\/p>\n\n\n\n<p>Facebook Connect, que te permite, mientras quieras pulsando sobre el bot\u00f3n correspondiente, conectar y mantener tu perfil de Facebook asociado con nuestras p\u00e1ginas.<br>Social Plugins de Facebook, Twitter, Instagram o Linkedin que te permiten realizar, mientras t\u00fa quieras pulsando sobre el bot\u00f3n correspondiente, en comentarios, compartir o realizar recomendaciones sobre las noticias que publicamos en nuestras p\u00e1ginas.<br>\u00bfQu\u00e9 son las galletas?<\/p>\n\n\n\n<p>Para la obtenci\u00f3n automatizada de los datos antes descritos, utilizamos diferentes t\u00e9cnicas para su captaci\u00f3n como, por ejemplo, cookies.<\/p>\n\n\n\n<p>Una cookie es un dato, archivo o dispositivo de almacenamiento y recuperaci\u00f3n de datos (DARD), que se descarga en el dispositivo al acceder a nuestras p\u00e1ginas web, cuentas de redes sociales o al recibir un correo electr\u00f3nico. Las cookies permiten almacenar y recuperar de forma automatizada datos sobre el uso que haces de los medios digitales citados y del equipo o dispositivo desde el que accedes a los mismos.<\/p>\n\n\n\n<p>Existen diferentes tipos de cookies como, por ejemplo:<\/p>\n\n\n\n<p>Cookies propias: son aquellas que se env\u00edan al dispositivo desde un dominio gestionado por nosotros desde d\u00f3nde prestamos nuestros servicios y donde est\u00e9 alojada nuestra p\u00e1gina web o nuestro servicio de correo electr\u00f3nico.<br>Cookies de terceros: son aquellas que se env\u00edan a tu dispositivo desde un equipo o dominio que no es gestionado por nosotros, sino por otra entidad con el fin de que nos preste  <\/p>\n\n\n\n<p>un servicio y, en algunos casos, para utilizar ellas mismas la informaci\u00f3n generada para prestar sus propios servicios a terceros, de acuerdo con un contrato que hemos celebrado entre nosotros y esta entidad con la finalidad, entre otros, que trate de forma controlada la informaci\u00f3n a la que puede acceder.<br>Cookies de sesi\u00f3n: son un tipo de cookies dise\u00f1adas para recabar y almacenar datos durante el tiempo en que accedes a una p\u00e1gina web, servicio, correo electr\u00f3nico o red social.<br>Cookies persistentes: son un tipo de cookies en las que los datos siguen almacenados en el dispositivo y pueden ser accedidos y tratados durante un per\u00edodo definido por la entidad responsable de la cookie, que puede ir de unos minutos a varios a\u00f1os.<br>Cookies de an\u00e1lisis: son aquellas que, bien tratadas por nosotros o por terceros, nos permiten cuantificar y calificar a los usuarios de nuestras webs, blogs, correos electr\u00f3nicos o redes sociales donde estamos presentes para realizar la medici\u00f3n y el an\u00e1lisis estad\u00edstico de la utilizaci\u00f3n que hacen los usuarios de los mismos.<br>Cookies de redes sociales: son aquellas que ofrecen la posibilidad de conectarse a ellas y compartir contenidos con nosotros y otros usuarios de las redes y obtener informaci\u00f3n sobre el uso que haces de nuestras cuentas en las redes sociales.<br>NUESTRAS cookies<\/p>\n\n\n\n<p>Para consultar la finalidad de cada una de las cookies utilizadas, visite nuestra <a href=\"http:\/\/www.piqture.es\/equilibrat\/politica-de-cookies\/\" data-type=\"page\" data-id=\"21\">Pol\u00edtica de cookies<\/a><\/p>\n\t\t\t\t\t\t\t\t<\/div>\n\t\t\t\t<\/div>\n\t\t\t\t\t<\/div>\n\t\t\t\t<\/div>\n\t\t\t\t<\/div>\n\t\t","protected":false},"excerpt":{"rendered":"<p>Pol\u00edtica de protecci\u00f3n de datos, cookies y redes sociales de Centre Equilibra&#8217;t Fecha de entrada en vigor de la pol\u00edtica de protecci\u00f3n de datos, galletas y redes sociales 25 de mayo de 2018. En Centre Equilibra&#8217;t deseamos proteger y respetar tu privacidad, para ello adoptamos las medidas de seguridad establecidas en las normas legales. A [&hellip;]<\/p>\n","protected":false},"author":1,"featured_media":0,"parent":0,"menu_order":0,"comment_status":"closed","ping_status":"closed","template":"","meta":{"footnotes":""},"class_list":["post-307","page","type-page","status-publish","hentry"],"_links":{"self":[{"href":"https:\/\/www.centreequilibrat.cat\/es\/wp-json\/wp\/v2\/pages\/307","targetHints":{"allow":["GET"]}}],"collection":[{"href":"https:\/\/www.centreequilibrat.cat\/es\/wp-json\/wp\/v2\/pages"}],"about":[{"href":"https:\/\/www.centreequilibrat.cat\/es\/wp-json\/wp\/v2\/types\/page"}],"author":[{"embeddable":true,"href":"https:\/\/www.centreequilibrat.cat\/es\/wp-json\/wp\/v2\/users\/1"}],"replies":[{"embeddable":true,"href":"https:\/\/www.centreequilibrat.cat\/es\/wp-json\/wp\/v2\/comments?post=307"}],"version-history":[{"count":3,"href":"https:\/\/www.centreequilibrat.cat\/es\/wp-json\/wp\/v2\/pages\/307\/revisions"}],"predecessor-version":[{"id":313,"href":"https:\/\/www.centreequilibrat.cat\/es\/wp-json\/wp\/v2\/pages\/307\/revisions\/313"}],"wp:attachment":[{"href":"https:\/\/www.centreequilibrat.cat\/es\/wp-json\/wp\/v2\/media?parent=307"}],"curies":[{"name":"wp","href":"https:\/\/api.w.org\/{rel}","templated":true}]}}